{"id":1783,"date":"2016-05-17T14:01:26","date_gmt":"2016-05-17T14:01:26","guid":{"rendered":"http:\/\/www.mariadaguarda.com\/lagaretta\/"},"modified":"2021-03-02T12:13:19","modified_gmt":"2021-03-02T12:13:19","slug":"lagaretta","status":"publish","type":"page","link":"https:\/\/www.mariadaguarda.com\/it\/lagaretta\/","title":{"rendered":"Lagaretta"},"content":{"rendered":"<div class=\"wpb-content-wrapper\">[mk_page_section bg_image=&#8221;http:\/\/www.mariadaguarda.com\/wp-content\/uploads\/2016\/05\/hmg-azeitonas.jpg&#8221; bg_position=&#8221;center center&#8221; bg_repeat=&#8221;no-repeat&#8221; bg_stretch=&#8221;true&#8221; video_color_mask=&#8221;#000000&#8243; video_opacity=&#8221;0.3&#8243; min_height=&#8221;400&#8243; full_width=&#8221;true&#8221; js_vertical_centered=&#8221;true&#8221; sidebar=&#8221;sidebar-1&#8243;][vc_column width=&#8221;1\/6&#8243;][\/vc_column][vc_column width=&#8221;2\/3&#8243;][mk_image src=&#8221;http:\/\/www.mariadaguarda.com\/wp-content\/uploads\/2016\/05\/hmg-lagaretta-branco.png&#8221; image_width=&#8221;500&#8243; image_height=&#8221;250&#8243; align=&#8221;center&#8221;][\/vc_column][vc_column width=&#8221;1\/6&#8243;][\/vc_column][\/mk_page_section][vc_row css=&#8221;.vc_custom_1463417206780{padding-top: 100px !important;}&#8221;][vc_column][mk_fancy_title color=&#8221;#5f761f&#8221; size=&#8221;64&#8243; force_font_size=&#8221;true&#8221; size_phone=&#8221;36&#8243; font_weight=&#8221;400&#8243; margin_bottom=&#8221;10&#8243; font_family=&#8221;Playfair+Display&#8221; font_type=&#8221;google&#8221; align=&#8221;center&#8221;]Olio Extra Vergine[\/mk_fancy_title][mk_fancy_title color=&#8221;#798a40&#8243; size=&#8221;24&#8243; force_font_size=&#8221;true&#8221; size_phone=&#8221;14&#8243; font_weight=&#8221;400&#8243; font_family=&#8221;Playfair+Display&#8221; font_type=&#8221;google&#8221; align=&#8221;center&#8221;]Gusto fruttato, delicato, leggero ed unico[\/mk_fancy_title][\/vc_column][\/vc_row][vc_row css=&#8221;.vc_custom_1464712593855{padding-top: 100px !important;padding-bottom: 0px !important;}&#8221;][vc_column width=&#8221;1\/2&#8243;][mk_dropcaps style=&#8221;fancy-style&#8221; size=&#8221;48&#8243; background_color=&#8221;#ffffff&#8221; text_color=&#8221;#5f761f&#8221;]Il[\/mk_dropcaps][vc_column_text css=&#8221;.vc_custom_1539361519496{margin-bottom: 0px !important;}&#8221;]<em><strong>Lagarreta<\/strong><\/em> \u00e8 un olio extravergine con un livello di acidit\u00e0 pi\u00f9 basso dello 0.3%. Si distingue per essere fruttato, delicato, leggero e con un sapore unico di pomodoro fresco ed un leggero tocco speziato, che pu\u00f2 accompagnare ogni pasto o semplicemente essere usato per inudimidire il pane.<\/p>\n<p>Oltre a queste propriet\u00e0 <em>gourmet<\/em>, non contiene colesterolo o altri elementi nocivi per la salute. Questo olio di alta qualit\u00e0 viene ottenuto da una fusione di diverse variet\u00e0 di olive prodotte nella propriet\u00e0: <strong>Galega Grado<\/strong>, <strong>Cordovil<\/strong>, <strong>Arbequina<\/strong>, <strong>Arbosana<\/strong> e <strong>Koroneiki<\/strong>. Si tratta di un olio di categoria superiore direttamente ottenuto dalle olive, unicamente attraverso dei processi meccanici.<\/p>\n<p>La <strong>fattoria Cortez de Lob\u00e3o<\/strong> ha preservato fin dalla sua fondazione la componente tradizionale nella produzione dell&#8217;olio <strong>Fattoria di Maria da Guarda<\/strong>, tenendo conto delle evoluzioni tecnologiche e rispondendo alle richieste di diverse generazioni di produttori di questo nettare prezioso.<\/p>\n<p><strong>L&#8217;olio prodotto nel frantoio della Herdade de Maria da Guarda \u00e8 extra vergine a pi\u00f9 del 95%<\/strong> ed unisce il meglio della modernit\u00e0 e della qualit\u00e0 tradizionale: l&#8217;antica arte della produzione di un olio buono. E viene venduto nel mondo intero sotto il nome di diversi marchi internazionali.[\/vc_column_text][\/vc_column][vc_column width=&#8221;1\/2&#8243;][mk_padding_divider visibility=&#8221;visible-sm&#8221;][mk_image src=&#8221;http:\/\/www.mariadaguarda.com\/wp-content\/uploads\/2021\/03\/lagaretta-500ml-nova.png&#8221; image_size=&#8221;full&#8221; align=&#8221;center&#8221;][\/vc_column][\/vc_row][vc_row css=&#8221;.vc_custom_1464712626037{padding-top: 50px !important;padding-bottom: 50px !important;}&#8221;][vc_column width=&#8221;1\/3&#8243;][mk_image src=&#8221;http:\/\/www.mariadaguarda.com\/wp-content\/uploads\/2016\/05\/hmg-13.jpg&#8221; image_size=&#8221;full&#8221; lightbox=&#8221;true&#8221;][\/vc_column][vc_column width=&#8221;1\/3&#8243;][mk_image src=&#8221;http:\/\/www.mariadaguarda.com\/wp-content\/uploads\/2016\/05\/hmg-4.jpg&#8221; image_size=&#8221;full&#8221; lightbox=&#8221;true&#8221;][\/vc_column][vc_column width=&#8221;1\/3&#8243;][mk_image src=&#8221;http:\/\/www.mariadaguarda.com\/wp-content\/uploads\/2016\/05\/hmg-18.jpg&#8221; image_size=&#8221;full&#8221; lightbox=&#8221;true&#8221;][\/vc_column][\/vc_row]\n<\/div>","protected":false},"excerpt":{"rendered":"<p>[mk_page_section bg_image=&#8221;http:\/\/www.mariadaguarda.com\/wp-content\/uploads\/2016\/05\/hmg-azeitonas.jpg&#8221; bg_position=&#8221;center center&#8221; bg_repeat=&#8221;no-repeat&#8221; bg_stretch=&#8221;true&#8221; video_color_mask=&#8221;#000000&#8243; video_opacity=&#8221;0.3&#8243; min_height=&#8221;400&#8243; full_width=&#8221;true&#8221; js_vertical_centered=&#8221;true&#8221; sidebar=&#8221;sidebar-1&#8243;][vc_column width=&#8221;1\/6&#8243;][\/vc_column][vc_column width=&#8221;2\/3&#8243;][mk_image src=&#8221;http:\/\/www.mariadaguarda.com\/wp-content\/uploads\/2016\/05\/hmg-lagaretta-branco.png&#8221; image_width=&#8221;500&#8243; image_height=&#8221;250&#8243; align=&#8221;center&#8221;][\/vc_column][vc_column width=&#8221;1\/6&#8243;][\/vc_column][\/mk_page_section][vc_row css=&#8221;.vc_custom_1463417206780{padding-top: 100px !important;}&#8221;][vc_column][mk_fancy_title color=&#8221;#5f761f&#8221; size=&#8221;64&#8243; force_font_size=&#8221;true&#8221; size_phone=&#8221;36&#8243; font_weight=&#8221;400&#8243; margin_bottom=&#8221;10&#8243; font_family=&#8221;Playfair+Display&#8221; font_type=&#8221;google&#8221; align=&#8221;center&#8221;]Olio Extra Vergine[\/mk_fancy_title][mk_fancy_title color=&#8221;#798a40&#8243; size=&#8221;24&#8243; force_font_size=&#8221;true&#8221; size_phone=&#8221;14&#8243; font_weight=&#8221;400&#8243; font_family=&#8221;Playfair+Display&#8221; font_type=&#8221;google&#8221; align=&#8221;center&#8221;]Gusto fruttato, delicato, leggero ed unico[\/mk_fancy_title][\/vc_column][\/vc_row][vc_row css=&#8221;.vc_custom_1464712593855{padding-top: 100px !important;padding-bottom: 0px !important;}&#8221;][vc_column width=&#8221;1\/2&#8243;][mk_dropcaps style=&#8221;fancy-style&#8221; size=&#8221;48&#8243; background_color=&#8221;#ffffff&#8221; [&hellip;]<\/p>\n","protected":false},"author":3,"featured_media":0,"parent":0,"menu_order":2,"comment_status":"closed","ping_status":"closed","template":"","meta":{"footnotes":""},"class_list":["post-1783","page","type-page","status-publish","hentry"],"_links":{"self":[{"href":"https:\/\/www.mariadaguarda.com\/it\/wp-json\/wp\/v2\/pages\/1783","targetHints":{"allow":["GET"]}}],"collection":[{"href":"https:\/\/www.mariadaguarda.com\/it\/wp-json\/wp\/v2\/pages"}],"about":[{"href":"https:\/\/www.mariadaguarda.com\/it\/wp-json\/wp\/v2\/types\/page"}],"author":[{"embeddable":true,"href":"https:\/\/www.mariadaguarda.com\/it\/wp-json\/wp\/v2\/users\/3"}],"replies":[{"embeddable":true,"href":"https:\/\/www.mariadaguarda.com\/it\/wp-json\/wp\/v2\/comments?post=1783"}],"version-history":[{"count":0,"href":"https:\/\/www.mariadaguarda.com\/it\/wp-json\/wp\/v2\/pages\/1783\/revisions"}],"wp:attachment":[{"href":"https:\/\/www.mariadaguarda.com\/it\/wp-json\/wp\/v2\/media?parent=1783"}],"curies":[{"name":"wp","href":"https:\/\/api.w.org\/{rel}","templated":true}]}}