{"id":1769,"date":"2016-05-16T16:09:32","date_gmt":"2016-05-16T16:09:32","guid":{"rendered":"http:\/\/www.mariadaguarda.com\/inicio\/"},"modified":"2018-10-12T17:06:48","modified_gmt":"2018-10-12T17:06:48","slug":"inicio","status":"publish","type":"page","link":"https:\/\/www.mariadaguarda.com\/it\/","title":{"rendered":"Home"},"content":{"rendered":"<div class=\"wpb-content-wrapper\">[mk_page_section bg_image=&#8221;http:\/\/www.mariadaguarda.com\/wp-content\/uploads\/2016\/05\/hmg-oliveira.jpg&#8221; bg_position=&#8221;center center&#8221; bg_repeat=&#8221;no-repeat&#8221; bg_stretch=&#8221;true&#8221; video_color_mask=&#8221;#000000&#8243; video_opacity=&#8221;0.3&#8243; full_width=&#8221;true&#8221; full_height=&#8221;true&#8221; sidebar=&#8221;sidebar-1&#8243;][vc_column][mk_fancy_title color=&#8221;#ffffff&#8221; size=&#8221;64&#8243; force_font_size=&#8221;true&#8221; size_phone=&#8221;36&#8243; font_weight=&#8221;bold&#8221; font_family=&#8221;Playfair+Display&#8221; font_type=&#8221;google&#8221; align=&#8221;center&#8221;]Fattoria di Maria da Guarda[\/mk_fancy_title][mk_fancy_title color=&#8221;#ffffff&#8221; size=&#8221;28&#8243; force_font_size=&#8221;true&#8221; size_phone=&#8221;14&#8243; font_weight=&#8221;400&#8243; font_style=&#8221;italic&#8221; font_family=&#8221;Playfair+Display&#8221; font_type=&#8221;google&#8221; align=&#8221;center&#8221;]Fattoria dal 1779[\/mk_fancy_title][mk_button dimension=&#8221;outline&#8221; size=&#8221;large&#8221; url=&#8221;http:\/\/www.mariadaguarda.com\/herdade\/?lang=it&#8221; align=&#8221;center&#8221; outline_skin=&#8221;light&#8221;]SCOPRI[\/mk_button][\/vc_column][\/mk_page_section][vc_row css=&#8221;.vc_custom_1463417206780{padding-top: 100px !important;}&#8221;][vc_column][mk_fancy_title color=&#8221;#5f761f&#8221; size=&#8221;64&#8243; force_font_size=&#8221;true&#8221; size_phone=&#8221;36&#8243; font_weight=&#8221;400&#8243; margin_bottom=&#8221;10&#8243; font_family=&#8221;Playfair+Display&#8221; font_type=&#8221;google&#8221; align=&#8221;center&#8221;]700 ettari, 1.3 milioni di piantagioni di ulivi[\/mk_fancy_title][mk_fancy_title color=&#8221;#798a40&#8243; size=&#8221;24&#8243; force_font_size=&#8221;true&#8221; size_phone=&#8221;14&#8243; font_weight=&#8221;400&#8243; font_family=&#8221;Playfair+Display&#8221; font_type=&#8221;google&#8221; align=&#8221;center&#8221;]Fattoria Cortez de Lob\u00e3o &#8211; ha investito fin dal diciottesimo secolo nell&#8217;Alentejo[\/mk_fancy_title][\/vc_column][\/vc_row][vc_row css=&#8221;.vc_custom_1463488005623{padding-top: 100px !important;padding-bottom: 50px !important;}&#8221;][vc_column width=&#8221;1\/2&#8243;][mk_image src=&#8221;http:\/\/www.mariadaguarda.com\/wp-content\/uploads\/2016\/05\/hmg-herdade.jpg&#8221; image_height=&#8221;650&#8243;][\/vc_column][vc_column width=&#8221;1\/2&#8243;][mk_dropcaps style=&#8221;fancy-style&#8221; size=&#8221;48&#8243; background_color=&#8221;#ffffff&#8221; text_color=&#8221;#5f761f&#8221;]L'[\/mk_dropcaps][vc_column_text css=&#8221;.vc_custom_1539360994414{margin-bottom: 0px !important;}&#8221;]<strong>Fattoria di Maria da Guarda<\/strong>, ubicato a <strong>Serpa<\/strong>, <strong>Alentejo<\/strong>, possiede un uliveto con circa 1.3 milioni di alberi di ulivo. E&#8217; uno degli uliveti col maggior numero di alberi di ulivo in una tenuta della capitale portoghese in Portogallo, diventando cos\u00ec una leggenda vivente che racconta l&#8217;arte della produzione dell&#8217;olio.<\/p>\n<p>La storia del nome della fattoria \u00e8 legata ad una persona del posto che ebbe una visione della Madre di Dio. In questa visione, Maria ricorda che, durante un terribile lavoro agricolo, ogni lavoratore aveva bisogno del proprio Angelo Custode per poter lavorare e che cos\u00ec il giogo diveniva morbido, il carico di compiti da svolgere diventava pi\u00f9 leggero e il lavoro pi\u00f9 felice.<\/p>\n<p>I documenti archeologici trovati nel dominio <strong>Maria da Guarda<\/strong> rivelano alcuni elementi come la lagareta, una pietra su cui fu costruito un insediamento romano, da cui l&#8217;olio di <em><strong>Lagaretta<\/strong><\/em>, un marchio molto esclusivo, prende il suo nome. E&#8217; un&#8217;eredit\u00e0 preziosa e il preludio della produzione di Alentejo e degli oli nazionali. Tuttavia, la vocazione di circa 2 milioni di kili d&#8217;olio prodotti annualmente nel frantoio della fattoria \u00e8 quasi interamente consacrata all&#8217;esportazione all&#8217;ingrosso.[\/vc_column_text][\/vc_column][\/vc_row][mk_page_section bg_image=&#8221;http:\/\/www.mariadaguarda.com\/wp-content\/uploads\/2016\/05\/hmg-olival.jpg&#8221; bg_position=&#8221;center top&#8221; bg_repeat=&#8221;no-repeat&#8221; bg_stretch=&#8221;true&#8221; min_height=&#8221;500&#8243; full_width=&#8221;true&#8221; js_vertical_centered=&#8221;true&#8221; padding_top=&#8221;20&#8243; padding_bottom=&#8221;20&#8243; sidebar=&#8221;sidebar-1&#8243;][vc_column][mk_image src=&#8221;http:\/\/www.mariadaguarda.com\/wp-content\/uploads\/2016\/05\/hmg-lagaretta.png&#8221; image_width=&#8221;500&#8243; image_height=&#8221;250&#8243; align=&#8221;center&#8221;][mk_button dimension=&#8221;outline&#8221; size=&#8221;large&#8221; url=&#8221;http:\/\/www.mariadaguarda.com\/lagaretta\/?lang=it&#8221; align=&#8221;center&#8221; margin_top=&#8221;40&#8243; outline_skin=&#8221;custom&#8221; outline_active_text_color=&#8221;#99ac4c&#8221; outline_hover_color=&#8221;#7f913e&#8221;]SCOPRI[\/mk_button][\/vc_column][\/mk_page_section]\n<\/div>","protected":false},"excerpt":{"rendered":"<p>[mk_page_section bg_image=&#8221;http:\/\/www.mariadaguarda.com\/wp-content\/uploads\/2016\/05\/hmg-oliveira.jpg&#8221; bg_position=&#8221;center center&#8221; bg_repeat=&#8221;no-repeat&#8221; bg_stretch=&#8221;true&#8221; video_color_mask=&#8221;#000000&#8243; video_opacity=&#8221;0.3&#8243; full_width=&#8221;true&#8221; full_height=&#8221;true&#8221; sidebar=&#8221;sidebar-1&#8243;][vc_column][mk_fancy_title color=&#8221;#ffffff&#8221; size=&#8221;64&#8243; force_font_size=&#8221;true&#8221; size_phone=&#8221;36&#8243; font_weight=&#8221;bold&#8221; font_family=&#8221;Playfair+Display&#8221; font_type=&#8221;google&#8221; align=&#8221;center&#8221;]Fattoria di Maria da Guarda[\/mk_fancy_title][mk_fancy_title color=&#8221;#ffffff&#8221; size=&#8221;28&#8243; force_font_size=&#8221;true&#8221; size_phone=&#8221;14&#8243; font_weight=&#8221;400&#8243; font_style=&#8221;italic&#8221; font_family=&#8221;Playfair+Display&#8221; font_type=&#8221;google&#8221; align=&#8221;center&#8221;]Fattoria dal 1779[\/mk_fancy_title][mk_button dimension=&#8221;outline&#8221; size=&#8221;large&#8221; url=&#8221;http:\/\/www.mariadaguarda.com\/herdade\/?lang=it&#8221; align=&#8221;center&#8221; outline_skin=&#8221;light&#8221;]SCOPRI[\/mk_button][\/vc_column][\/mk_page_section][vc_row css=&#8221;.vc_custom_1463417206780{padding-top: 100px !important;}&#8221;][vc_column][mk_fancy_title color=&#8221;#5f761f&#8221; size=&#8221;64&#8243; force_font_size=&#8221;true&#8221; size_phone=&#8221;36&#8243; font_weight=&#8221;400&#8243; margin_bottom=&#8221;10&#8243; font_family=&#8221;Playfair+Display&#8221; font_type=&#8221;google&#8221; align=&#8221;center&#8221;]700 ettari, 1.3 milioni di [&hellip;]<\/p>\n","protected":false},"author":3,"featured_media":0,"parent":0,"menu_order":1,"comment_status":"closed","ping_status":"closed","template":"","meta":{"footnotes":""},"class_list":["post-1769","page","type-page","status-publish","hentry"],"_links":{"self":[{"href":"https:\/\/www.mariadaguarda.com\/it\/wp-json\/wp\/v2\/pages\/1769","targetHints":{"allow":["GET"]}}],"collection":[{"href":"https:\/\/www.mariadaguarda.com\/it\/wp-json\/wp\/v2\/pages"}],"about":[{"href":"https:\/\/www.mariadaguarda.com\/it\/wp-json\/wp\/v2\/types\/page"}],"author":[{"embeddable":true,"href":"https:\/\/www.mariadaguarda.com\/it\/wp-json\/wp\/v2\/users\/3"}],"replies":[{"embeddable":true,"href":"https:\/\/www.mariadaguarda.com\/it\/wp-json\/wp\/v2\/comments?post=1769"}],"version-history":[{"count":0,"href":"https:\/\/www.mariadaguarda.com\/it\/wp-json\/wp\/v2\/pages\/1769\/revisions"}],"wp:attachment":[{"href":"https:\/\/www.mariadaguarda.com\/it\/wp-json\/wp\/v2\/media?parent=1769"}],"curies":[{"name":"wp","href":"https:\/\/api.w.org\/{rel}","templated":true}]}}