{"id":1710,"date":"2016-05-16T16:09:32","date_gmt":"2016-05-16T16:09:32","guid":{"rendered":"http:\/\/www.mariadaguarda.com\/inicio\/"},"modified":"2018-10-12T17:05:43","modified_gmt":"2018-10-12T17:05:43","slug":"inicio","status":"publish","type":"page","link":"https:\/\/www.mariadaguarda.com\/fr\/","title":{"rendered":"Accueil"},"content":{"rendered":"<div class=\"wpb-content-wrapper\">[mk_page_section bg_image=\u00a0\u00bbhttp:\/\/www.mariadaguarda.com\/wp-content\/uploads\/2016\/05\/hmg-oliveira.jpg\u00a0\u00bb bg_position=\u00a0\u00bbcenter center\u00a0\u00bb bg_repeat=\u00a0\u00bbno-repeat\u00a0\u00bb bg_stretch=\u00a0\u00bbtrue\u00a0\u00bb video_color_mask=\u00a0\u00bb#000000&Prime; video_opacity=\u00a0\u00bb0.3&Prime; full_width=\u00a0\u00bbtrue\u00a0\u00bb full_height=\u00a0\u00bbtrue\u00a0\u00bb sidebar=\u00a0\u00bbsidebar-1&Prime;][vc_column][mk_fancy_title color=\u00a0\u00bb#ffffff\u00a0\u00bb size=\u00a0\u00bb64&Prime; force_font_size=\u00a0\u00bbtrue\u00a0\u00bb size_phone=\u00a0\u00bb36&Prime; font_weight=\u00a0\u00bbbold\u00a0\u00bb font_family=\u00a0\u00bbPlayfair+Display\u00a0\u00bb font_type=\u00a0\u00bbgoogle\u00a0\u00bb align=\u00a0\u00bbcenter\u00a0\u00bb]Terrain de Maria da Guarda[\/mk_fancy_title][mk_fancy_title color=\u00a0\u00bb#ffffff\u00a0\u00bb size=\u00a0\u00bb28&Prime; force_font_size=\u00a0\u00bbtrue\u00a0\u00bb size_phone=\u00a0\u00bb14&Prime; font_weight=\u00a0\u00bb400&Prime; font_style=\u00a0\u00bbitalic\u00a0\u00bb font_family=\u00a0\u00bbPlayfair+Display\u00a0\u00bb font_type=\u00a0\u00bbgoogle\u00a0\u00bb align=\u00a0\u00bbcenter\u00a0\u00bb]Corps de Ferme depuis 1779[\/mk_fancy_title][mk_button dimension=\u00a0\u00bboutline\u00a0\u00bb size=\u00a0\u00bblarge\u00a0\u00bb url=\u00a0\u00bbhttp:\/\/www.mariadaguarda.com\/herdade\/?lang=fr\u00a0\u00bb align=\u00a0\u00bbcenter\u00a0\u00bb outline_skin=\u00a0\u00bblight\u00a0\u00bb]D\u00c9COUVREZ[\/mk_button][\/vc_column][\/mk_page_section][vc_row css=\u00a0\u00bb.vc_custom_1463417206780{padding-top: 100px !important;}\u00a0\u00bb][vc_column][mk_fancy_title color=\u00a0\u00bb#5f761f\u00a0\u00bb size=\u00a0\u00bb64&Prime; force_font_size=\u00a0\u00bbtrue\u00a0\u00bb size_phone=\u00a0\u00bb36&Prime; font_weight=\u00a0\u00bb400&Prime; margin_bottom=\u00a0\u00bb10&Prime; font_family=\u00a0\u00bbPlayfair+Display\u00a0\u00bb font_type=\u00a0\u00bbgoogle\u00a0\u00bb align=\u00a0\u00bbcenter\u00a0\u00bb]700 hectares, 1,3 million d&rsquo;oliveraies[\/mk_fancy_title][mk_fancy_title color=\u00a0\u00bb#798a40&Prime; size=\u00a0\u00bb24&Prime; force_font_size=\u00a0\u00bbtrue\u00a0\u00bb size_phone=\u00a0\u00bb14&Prime; font_weight=\u00a0\u00bb400&Prime; font_family=\u00a0\u00bbPlayfair+Display\u00a0\u00bb font_type=\u00a0\u00bbgoogle\u00a0\u00bb align=\u00a0\u00bbcenter\u00a0\u00bb]Casa Agr\u00edcola Cortez de Lob\u00e3o &#8211; a investi depuis le 18\u00e8me si\u00e8cle dans l&rsquo;Alentejo[\/mk_fancy_title][\/vc_column][\/vc_row][vc_row css=\u00a0\u00bb.vc_custom_1463488005623{padding-top: 100px !important;padding-bottom: 50px !important;}\u00a0\u00bb][vc_column width=\u00a0\u00bb1\/2&Prime;][mk_image src=\u00a0\u00bbhttp:\/\/www.mariadaguarda.com\/wp-content\/uploads\/2016\/05\/hmg-herdade.jpg\u00a0\u00bb image_height=\u00a0\u00bb650&Prime;][\/vc_column][vc_column width=\u00a0\u00bb1\/2&Prime;][mk_dropcaps style=\u00a0\u00bbfancy-style\u00a0\u00bb size=\u00a0\u00bb48&Prime; background_color=\u00a0\u00bb#ffffff\u00a0\u00bb text_color=\u00a0\u00bb#5f761f\u00a0\u00bb]L'[\/mk_dropcaps][vc_column_text css=\u00a0\u00bb.vc_custom_1539358729257{margin-bottom: 0px !important;}\u00a0\u00bb]<strong>Terrain de Maria da Guarda<\/strong>, situ\u00e9 \u00e0 <strong>Serpa<\/strong>, <strong>Alentejo<\/strong>, poss\u00e8de une oliveraie d&rsquo;environ 1,3 million d&rsquo;oliviers. C&rsquo;est l&rsquo;une des oliveraies avec le plus grand nombre d&rsquo;oliviers dans une propri\u00e9t\u00e9 \u00e0 capital portugais situ\u00e9e au Portugal, devenant une l\u00e9gende vivante racontant l&rsquo;art de la production d&rsquo;huile.<\/p>\n<p>Le nom de la ferme remonte \u00e0 une personne locale qui a eu une vision de la M\u00e8re de Dieu. Dans cette vision, Marie se souvient que, pendant les travaux agricoles p\u00e9nibles, chaque ouvrier avait besoin de son propre Ange Gardien pour travailler et qu&rsquo;ainsi le joug \u00e9tait souple, la charge plus l\u00e9g\u00e8re et le travail plus heureux.<\/p>\n<p>Les documents arch\u00e9ologiques trouv\u00e9s dans le domaine <strong>Maria da Guarda<\/strong> r\u00e9v\u00e8lent des \u00e9l\u00e9ments tels que la lagareta, une pierre sur laquelle a \u00e9t\u00e9 construite une communaut\u00e9 romaine dont l&rsquo;huile <strong><em>Lagaretta<\/em><\/strong>, une marque tr\u00e8s exclusive, tient son nom. Il constitue un h\u00e9ritage pr\u00e9cieux et le prologue de la production de l&rsquo;Alentejo et des huiles nationales. Cependant, la vocation des pr\u00e8s de 2 millions de kilos d&rsquo;huile produits annuellement dans le moulin \u00e0 huile de la ferme est presque enti\u00e8rement consacr\u00e9e \u00e0 l&rsquo;exportation en vrac.[\/vc_column_text][\/vc_column][\/vc_row][mk_page_section bg_image=\u00a0\u00bbhttp:\/\/www.mariadaguarda.com\/wp-content\/uploads\/2016\/05\/hmg-olival.jpg\u00a0\u00bb bg_position=\u00a0\u00bbcenter top\u00a0\u00bb bg_repeat=\u00a0\u00bbno-repeat\u00a0\u00bb bg_stretch=\u00a0\u00bbtrue\u00a0\u00bb min_height=\u00a0\u00bb500&Prime; full_width=\u00a0\u00bbtrue\u00a0\u00bb js_vertical_centered=\u00a0\u00bbtrue\u00a0\u00bb padding_top=\u00a0\u00bb20&Prime; padding_bottom=\u00a0\u00bb20&Prime; sidebar=\u00a0\u00bbsidebar-1&Prime;][vc_column][mk_image src=\u00a0\u00bbhttp:\/\/www.mariadaguarda.com\/wp-content\/uploads\/2016\/05\/hmg-lagaretta.png\u00a0\u00bb image_width=\u00a0\u00bb500&Prime; image_height=\u00a0\u00bb250&Prime; align=\u00a0\u00bbcenter\u00a0\u00bb][mk_button dimension=\u00a0\u00bboutline\u00a0\u00bb size=\u00a0\u00bblarge\u00a0\u00bb url=\u00a0\u00bbhttp:\/\/www.mariadaguarda.com\/lagaretta\/?lang=fr\u00a0\u00bb align=\u00a0\u00bbcenter\u00a0\u00bb margin_top=\u00a0\u00bb40&Prime; outline_skin=\u00a0\u00bbcustom\u00a0\u00bb outline_active_text_color=\u00a0\u00bb#99ac4c\u00a0\u00bb outline_hover_color=\u00a0\u00bb#7f913e\u00a0\u00bb]D\u00c9COUVREZ[\/mk_button][\/vc_column][\/mk_page_section]\n<\/div>","protected":false},"excerpt":{"rendered":"<p>[mk_page_section bg_image=\u00a0\u00bbhttp:\/\/www.mariadaguarda.com\/wp-content\/uploads\/2016\/05\/hmg-oliveira.jpg\u00a0\u00bb bg_position=\u00a0\u00bbcenter center\u00a0\u00bb bg_repeat=\u00a0\u00bbno-repeat\u00a0\u00bb bg_stretch=\u00a0\u00bbtrue\u00a0\u00bb video_color_mask=\u00a0\u00bb#000000&Prime; video_opacity=\u00a0\u00bb0.3&Prime; full_width=\u00a0\u00bbtrue\u00a0\u00bb full_height=\u00a0\u00bbtrue\u00a0\u00bb sidebar=\u00a0\u00bbsidebar-1&Prime;][vc_column][mk_fancy_title color=\u00a0\u00bb#ffffff\u00a0\u00bb size=\u00a0\u00bb64&Prime; force_font_size=\u00a0\u00bbtrue\u00a0\u00bb size_phone=\u00a0\u00bb36&Prime; font_weight=\u00a0\u00bbbold\u00a0\u00bb font_family=\u00a0\u00bbPlayfair+Display\u00a0\u00bb font_type=\u00a0\u00bbgoogle\u00a0\u00bb align=\u00a0\u00bbcenter\u00a0\u00bb]Terrain de Maria da Guarda[\/mk_fancy_title][mk_fancy_title color=\u00a0\u00bb#ffffff\u00a0\u00bb size=\u00a0\u00bb28&Prime; force_font_size=\u00a0\u00bbtrue\u00a0\u00bb size_phone=\u00a0\u00bb14&Prime; font_weight=\u00a0\u00bb400&Prime; font_style=\u00a0\u00bbitalic\u00a0\u00bb font_family=\u00a0\u00bbPlayfair+Display\u00a0\u00bb font_type=\u00a0\u00bbgoogle\u00a0\u00bb align=\u00a0\u00bbcenter\u00a0\u00bb]Corps de Ferme depuis 1779[\/mk_fancy_title][mk_button dimension=\u00a0\u00bboutline\u00a0\u00bb size=\u00a0\u00bblarge\u00a0\u00bb url=\u00a0\u00bbhttp:\/\/www.mariadaguarda.com\/herdade\/?lang=fr\u00a0\u00bb align=\u00a0\u00bbcenter\u00a0\u00bb outline_skin=\u00a0\u00bblight\u00a0\u00bb]D\u00c9COUVREZ[\/mk_button][\/vc_column][\/mk_page_section][vc_row css=\u00a0\u00bb.vc_custom_1463417206780{padding-top: 100px !important;}\u00a0\u00bb][vc_column][mk_fancy_title color=\u00a0\u00bb#5f761f\u00a0\u00bb size=\u00a0\u00bb64&Prime; force_font_size=\u00a0\u00bbtrue\u00a0\u00bb size_phone=\u00a0\u00bb36&Prime; font_weight=\u00a0\u00bb400&Prime; margin_bottom=\u00a0\u00bb10&Prime; font_family=\u00a0\u00bbPlayfair+Display\u00a0\u00bb font_type=\u00a0\u00bbgoogle\u00a0\u00bb align=\u00a0\u00bbcenter\u00a0\u00bb]700 hectares, 1,3 [&hellip;]<\/p>\n","protected":false},"author":3,"featured_media":0,"parent":0,"menu_order":1,"comment_status":"closed","ping_status":"closed","template":"","meta":{"footnotes":""},"class_list":["post-1710","page","type-page","status-publish","hentry"],"_links":{"self":[{"href":"https:\/\/www.mariadaguarda.com\/fr\/wp-json\/wp\/v2\/pages\/1710","targetHints":{"allow":["GET"]}}],"collection":[{"href":"https:\/\/www.mariadaguarda.com\/fr\/wp-json\/wp\/v2\/pages"}],"about":[{"href":"https:\/\/www.mariadaguarda.com\/fr\/wp-json\/wp\/v2\/types\/page"}],"author":[{"embeddable":true,"href":"https:\/\/www.mariadaguarda.com\/fr\/wp-json\/wp\/v2\/users\/3"}],"replies":[{"embeddable":true,"href":"https:\/\/www.mariadaguarda.com\/fr\/wp-json\/wp\/v2\/comments?post=1710"}],"version-history":[{"count":0,"href":"https:\/\/www.mariadaguarda.com\/fr\/wp-json\/wp\/v2\/pages\/1710\/revisions"}],"wp:attachment":[{"href":"https:\/\/www.mariadaguarda.com\/fr\/wp-json\/wp\/v2\/media?parent=1710"}],"curies":[{"name":"wp","href":"https:\/\/api.w.org\/{rel}","templated":true}]}}