{"id":1681,"date":"2016-05-16T16:09:32","date_gmt":"2016-05-16T16:09:32","guid":{"rendered":"http:\/\/www.mariadaguarda.com\/inicio\/"},"modified":"2018-10-12T17:04:59","modified_gmt":"2018-10-12T17:04:59","slug":"inicio","status":"publish","type":"page","link":"https:\/\/www.mariadaguarda.com\/es\/","title":{"rendered":"In\u00edcio"},"content":{"rendered":"<div class=\"wpb-content-wrapper\">[mk_page_section bg_image=\u00bbhttp:\/\/www.mariadaguarda.com\/wp-content\/uploads\/2016\/05\/hmg-oliveira.jpg\u00bb bg_position=\u00bbcenter center\u00bb bg_repeat=\u00bbno-repeat\u00bb bg_stretch=\u00bbtrue\u00bb video_color_mask=\u00bb#000000&#8243; video_opacity=\u00bb0.3&#8243; full_width=\u00bbtrue\u00bb full_height=\u00bbtrue\u00bb sidebar=\u00bbsidebar-1&#8243;][vc_column][mk_fancy_title color=\u00bb#ffffff\u00bb size=\u00bb64&#8243; force_font_size=\u00bbtrue\u00bb size_phone=\u00bb36&#8243; font_weight=\u00bbbold\u00bb font_family=\u00bbPlayfair+Display\u00bb font_type=\u00bbgoogle\u00bb align=\u00bbcenter\u00bb]Finca de Maria da Guarda[\/mk_fancy_title][mk_fancy_title color=\u00bb#ffffff\u00bb size=\u00bb28&#8243; force_font_size=\u00bbtrue\u00bb size_phone=\u00bb14&#8243; font_weight=\u00bb400&#8243; font_style=\u00bbitalic\u00bb font_family=\u00bbPlayfair+Display\u00bb font_type=\u00bbgoogle\u00bb align=\u00bbcenter\u00bb]Casa Agr\u00edcola desde 1779[\/mk_fancy_title][mk_button dimension=\u00bboutline\u00bb size=\u00bblarge\u00bb url=\u00bbhttp:\/\/www.mariadaguarda.com\/herdade\/?lang=es\u00bb align=\u00bbcenter\u00bb outline_skin=\u00bblight\u00bb]DESCUBRA[\/mk_button][\/vc_column][\/mk_page_section][vc_row css=\u00bb.vc_custom_1463417206780{padding-top: 100px !important;}\u00bb][vc_column][mk_fancy_title color=\u00bb#5f761f\u00bb size=\u00bb64&#8243; force_font_size=\u00bbtrue\u00bb size_phone=\u00bb36&#8243; font_weight=\u00bb400&#8243; margin_bottom=\u00bb10&#8243; font_family=\u00bbPlayfair+Display\u00bb font_type=\u00bbgoogle\u00bb align=\u00bbcenter\u00bb]700 hect\u00e1reas, 1,3 millones de olivar[\/mk_fancy_title][mk_fancy_title color=\u00bb#798a40&#8243; size=\u00bb24&#8243; force_font_size=\u00bbtrue\u00bb size_phone=\u00bb14&#8243; font_weight=\u00bb400&#8243; font_family=\u00bbPlayfair+Display\u00bb font_type=\u00bbgoogle\u00bb align=\u00bbcenter\u00bb]Casa Agr\u00edcola Cortez de Lob\u00e3o \u2013 ha invertido desde el siglo XVIII en Alentejo[\/mk_fancy_title][\/vc_column][\/vc_row][vc_row css=\u00bb.vc_custom_1463488005623{padding-top: 100px !important;padding-bottom: 50px !important;}\u00bb][vc_column width=\u00bb1\/2&#8243;][mk_image src=\u00bbhttp:\/\/www.mariadaguarda.com\/wp-content\/uploads\/2016\/05\/hmg-herdade.jpg\u00bb image_height=\u00bb650&#8243;][\/vc_column][vc_column width=\u00bb1\/2&#8243;][mk_dropcaps style=\u00bbfancy-style\u00bb size=\u00bb48&#8243; background_color=\u00bb#ffffff\u00bb text_color=\u00bb#5f761f\u00bb]La[\/mk_dropcaps][vc_column_text css=\u00bb.vc_custom_1539355005817{margin-bottom: 0px !important;}\u00bb]<strong>Finca de Maria da Guarda<\/strong>, situada en <strong>Serpa<\/strong>, <strong>Alentejo<\/strong>, tiene un olivar con alrededor de 1,3 millones de olivos. Se trata de uno de los olivares con mayor n\u00famero de olivos en una propiedad en Portugal de capital portugu\u00e9s, siendo una leyenda viva que cuenta la arte de hacer aceite.<\/p>\n<p>La historia del nombre de la finca se remonta a una persona del lugar que tuvo una visi\u00f3n de la Madre de Dios. En esta visi\u00f3n, Maria recuerda que, durante la ardua faena agr\u00edcola, cada trabajador ten\u00eda a su propio \u00c1ngel de la Guarda para trabajar y que as\u00ed el yugo era suave, la carga m\u00e1s ligera y el trabajo m\u00e1s alegre.<\/p>\n<p>Los registros arqueol\u00f3gicos hallados en la <strong>Finca de Maria da Guarda<\/strong> revelan elementos como la lagareta, piedra sobre la que se edific\u00f3 un asentamiento romano del cual toma su nombre el aceite <em><strong>Lagaretta<\/strong><\/em>, una marca muy exclusiva. La misma constituye un precioso legado y el pr\u00f3logo de la producci\u00f3n de aceites alentejanos y nacionales. No obstante, la vocaci\u00f3n de los cerca de 2 millones de kilos de aceite anualmente producidos en la <strong>almazara de la finca<\/strong> son dedicados casi \u00edntegramente a la exportaci\u00f3n a granel.[\/vc_column_text][\/vc_column][\/vc_row][mk_page_section bg_image=\u00bbhttp:\/\/www.mariadaguarda.com\/wp-content\/uploads\/2016\/05\/hmg-olival.jpg\u00bb bg_position=\u00bbcenter top\u00bb bg_repeat=\u00bbno-repeat\u00bb bg_stretch=\u00bbtrue\u00bb min_height=\u00bb500&#8243; full_width=\u00bbtrue\u00bb js_vertical_centered=\u00bbtrue\u00bb padding_top=\u00bb20&#8243; padding_bottom=\u00bb20&#8243; sidebar=\u00bbsidebar-1&#8243;][vc_column][mk_image src=\u00bbhttp:\/\/www.mariadaguarda.com\/wp-content\/uploads\/2016\/05\/hmg-lagaretta.png\u00bb image_width=\u00bb500&#8243; image_height=\u00bb250&#8243; align=\u00bbcenter\u00bb][mk_button dimension=\u00bboutline\u00bb size=\u00bblarge\u00bb url=\u00bbhttp:\/\/www.mariadaguarda.com\/lagaretta\/?lang=es\u00bb align=\u00bbcenter\u00bb margin_top=\u00bb40&#8243; outline_skin=\u00bbcustom\u00bb outline_active_text_color=\u00bb#99ac4c\u00bb outline_hover_color=\u00bb#7f913e\u00bb]DESCUBRA[\/mk_button][\/vc_column][\/mk_page_section]\n<\/div>","protected":false},"excerpt":{"rendered":"<p>[mk_page_section bg_image=\u00bbhttp:\/\/www.mariadaguarda.com\/wp-content\/uploads\/2016\/05\/hmg-oliveira.jpg\u00bb bg_position=\u00bbcenter center\u00bb bg_repeat=\u00bbno-repeat\u00bb bg_stretch=\u00bbtrue\u00bb video_color_mask=\u00bb#000000&#8243; video_opacity=\u00bb0.3&#8243; full_width=\u00bbtrue\u00bb full_height=\u00bbtrue\u00bb sidebar=\u00bbsidebar-1&#8243;][vc_column][mk_fancy_title color=\u00bb#ffffff\u00bb size=\u00bb64&#8243; force_font_size=\u00bbtrue\u00bb size_phone=\u00bb36&#8243; font_weight=\u00bbbold\u00bb font_family=\u00bbPlayfair+Display\u00bb font_type=\u00bbgoogle\u00bb align=\u00bbcenter\u00bb]Finca de Maria da Guarda[\/mk_fancy_title][mk_fancy_title color=\u00bb#ffffff\u00bb size=\u00bb28&#8243; force_font_size=\u00bbtrue\u00bb size_phone=\u00bb14&#8243; font_weight=\u00bb400&#8243; font_style=\u00bbitalic\u00bb font_family=\u00bbPlayfair+Display\u00bb font_type=\u00bbgoogle\u00bb align=\u00bbcenter\u00bb]Casa Agr\u00edcola desde 1779[\/mk_fancy_title][mk_button dimension=\u00bboutline\u00bb size=\u00bblarge\u00bb url=\u00bbhttp:\/\/www.mariadaguarda.com\/herdade\/?lang=es\u00bb align=\u00bbcenter\u00bb outline_skin=\u00bblight\u00bb]DESCUBRA[\/mk_button][\/vc_column][\/mk_page_section][vc_row css=\u00bb.vc_custom_1463417206780{padding-top: 100px !important;}\u00bb][vc_column][mk_fancy_title color=\u00bb#5f761f\u00bb size=\u00bb64&#8243; force_font_size=\u00bbtrue\u00bb size_phone=\u00bb36&#8243; font_weight=\u00bb400&#8243; margin_bottom=\u00bb10&#8243; font_family=\u00bbPlayfair+Display\u00bb font_type=\u00bbgoogle\u00bb align=\u00bbcenter\u00bb]700 hect\u00e1reas, 1,3 millones [&hellip;]<\/p>\n","protected":false},"author":3,"featured_media":0,"parent":0,"menu_order":1,"comment_status":"closed","ping_status":"closed","template":"","meta":{"footnotes":""},"class_list":["post-1681","page","type-page","status-publish","hentry"],"_links":{"self":[{"href":"https:\/\/www.mariadaguarda.com\/es\/wp-json\/wp\/v2\/pages\/1681","targetHints":{"allow":["GET"]}}],"collection":[{"href":"https:\/\/www.mariadaguarda.com\/es\/wp-json\/wp\/v2\/pages"}],"about":[{"href":"https:\/\/www.mariadaguarda.com\/es\/wp-json\/wp\/v2\/types\/page"}],"author":[{"embeddable":true,"href":"https:\/\/www.mariadaguarda.com\/es\/wp-json\/wp\/v2\/users\/3"}],"replies":[{"embeddable":true,"href":"https:\/\/www.mariadaguarda.com\/es\/wp-json\/wp\/v2\/comments?post=1681"}],"version-history":[{"count":0,"href":"https:\/\/www.mariadaguarda.com\/es\/wp-json\/wp\/v2\/pages\/1681\/revisions"}],"wp:attachment":[{"href":"https:\/\/www.mariadaguarda.com\/es\/wp-json\/wp\/v2\/media?parent=1681"}],"curies":[{"name":"wp","href":"https:\/\/api.w.org\/{rel}","templated":true}]}}